{"id":1292,"date":"2026-01-23T16:36:36","date_gmt":"2026-01-23T16:36:36","guid":{"rendered":"https:\/\/www.petal-health.com\/?page_id=1292"},"modified":"2026-01-23T18:48:49","modified_gmt":"2026-01-23T18:48:49","slug":"partenariats","status":"publish","type":"page","link":"https:\/\/www.petal-health.com\/fr\/partnerships\/","title":{"rendered":"Contact Partnerships &#038; Alliances"},"content":{"rendered":"<div data-elementor-type=\"wp-page\" data-elementor-id=\"1292\" class=\"elementor elementor-1292\" data-elementor-post-type=\"page\">\n\t\t\t\t<div class=\"elementor-element elementor-element-53029da contact_us_page e-flex e-con-boxed e-con e-parent\" data-id=\"53029da\" data-element_type=\"container\" data-e-type=\"container\">\n\t\t\t\t\t<div class=\"e-con-inner\">\n\t\t<div class=\"elementor-element elementor-element-e920cb0 e-con-full e-flex e-con e-child\" data-id=\"e920cb0\" data-element_type=\"container\" data-e-type=\"container\">\n\t\t\t\t<div class=\"elementor-element elementor-element-b5ad4be elementor-widget elementor-widget-heading\" data-id=\"b5ad4be\" data-element_type=\"widget\" data-e-type=\"widget\" data-widget_type=\"heading.default\">\n\t\t\t\t\t<h1 class=\"elementor-heading-title elementor-size-default\">Partenariats et alliances<\/h1>\t\t\t\t<\/div>\n\t\t\t\t<\/div>\n\t\t\t\t\t<\/div>\n\t\t\t\t<\/div>\n\t\t<div class=\"elementor-element elementor-element-61b2d97 contact_us_page e-flex e-con-boxed e-con e-parent\" data-id=\"61b2d97\" data-element_type=\"container\" data-e-type=\"container\">\n\t\t\t\t\t<div class=\"e-con-inner\">\n\t\t<div class=\"elementor-element elementor-element-40ce1e2 e-con-full e-flex e-con e-child\" data-id=\"40ce1e2\" data-element_type=\"container\" data-e-type=\"container\">\n\t\t\t\t<div class=\"elementor-element elementor-element-35e742b elementor-widget elementor-widget-heading\" data-id=\"35e742b\" data-element_type=\"widget\" data-e-type=\"widget\" data-widget_type=\"heading.default\">\n\t\t\t\t\t<h2 class=\"elementor-heading-title elementor-size-default\">Ensemble, pour renforcer les r\u00e9seaux de sant\u00e9.<\/h2>\t\t\t\t<\/div>\n\t\t\t\t<div class=\"elementor-element elementor-element-4a1858a elementor-widget elementor-widget-text-editor\" data-id=\"4a1858a\" data-element_type=\"widget\" data-e-type=\"widget\" data-widget_type=\"text-editor.default\">\n\t\t\t\t\t\t\t\t\t<p><span style=\"font-weight: 400;\">Ensemble, nous soutenons les \u00e9quipes de soins, am\u00e9liorons les r\u00e9sultats pour les patients et proposons des solutions innovantes pour b\u00e2tir un syst\u00e8me de sant\u00e9 canadien plus fort.<\/span><\/p>\t\t\t\t\t\t\t\t<\/div>\n\t\t\t\t<\/div>\n\t\t<div class=\"elementor-element elementor-element-10d7acd e-con-full e-flex e-con e-child\" data-id=\"10d7acd\" data-element_type=\"container\" data-e-type=\"container\">\n\t\t\t\t<div class=\"elementor-element elementor-element-bf6b55c elementor-widget elementor-widget-html\" data-id=\"bf6b55c\" data-element_type=\"widget\" data-e-type=\"widget\" data-no-translation=\"\" data-widget_type=\"html.default\">\n\t\t\t\t\t<style>.elementor-element-bf6b55c{display:none !important}<\/style>\t\t\t\t<\/div>\n\t\t\t\t<div class=\"elementor-element elementor-element-efadf88 elementor-widget elementor-widget-html\" data-id=\"efadf88\" data-element_type=\"widget\" data-e-type=\"widget\" data-no-translation=\"\" data-widget_type=\"html.default\">\n\t\t\t\t\t<iframe data-src=\"https:\/\/go.petal-health.com\/l\/1088542\/2026-01-14\/24xgd8k\" width=\"100%\" height=\"500\" type=\"text\/html\" frameborder=\"0\" allowtransparency=\"true\" style=\"border: 0\" id=\"myIframe\" src=\"data:image\/svg+xml;base64,PHN2ZyB3aWR0aD0iMSIgaGVpZ2h0PSIxIiB4bWxucz0iaHR0cDovL3d3dy53My5vcmcvMjAwMC9zdmciPjwvc3ZnPg==\" class=\"lazyload\" data-load-mode=\"1\"><\/iframe>\t\t\t\t<\/div>\n\t\t\t\t<\/div>\n\t\t\t\t\t<\/div>\n\t\t\t\t<\/div>\n\t\t<div class=\"elementor-element elementor-element-2af4e1e trusted_logo e-flex e-con-boxed e-con e-parent\" data-id=\"2af4e1e\" data-element_type=\"container\" data-e-type=\"container\" data-settings=\"{&quot;background_background&quot;:&quot;classic&quot;}\">\n\t\t\t\t\t<div class=\"e-con-inner\">\n\t\t\t\t<div class=\"elementor-element elementor-element-474cc11 elementor-widget-mobile__width-initial elementor-widget elementor-widget-heading\" data-id=\"474cc11\" data-element_type=\"widget\" data-e-type=\"widget\" data-widget_type=\"heading.default\">\n\t\t\t\t\t<h3 class=\"elementor-heading-title elementor-size-default\">La technologie Petal a aid\u00e9 plus de 10 millions de patients dans plus de 3 000 \u00e9tablissements de sant\u00e9. <\/h3>\t\t\t\t<\/div>\n\t\t\t\t<div class=\"elementor-element elementor-element-fafc3d2 elementor-widget__width-initial elementor-widget elementor-widget-ucaddon_logo_carousel\" data-id=\"fafc3d2\" data-element_type=\"widget\" data-e-type=\"widget\" data-widget_type=\"ucaddon_logo_carousel.default\">\n\t\t\t\t<div class=\"elementor-widget-container\">\n\t\t\t\t\t\n<!-- start Logo Carousel -->\n\t\t<link id='font-awesome-css' href='https:\/\/www.petal-health.com\/wp-content\/plugins\/unlimited-elements-for-elementor-premium\/assets_libraries\/font-awesome6\/fontawesome-all.min.css' type='text\/css' rel='stylesheet' >\n\t\t<link id='font-awesome-4-shim-css' href='https:\/\/www.petal-health.com\/wp-content\/plugins\/unlimited-elements-for-elementor-premium\/assets_libraries\/font-awesome6\/fontawesome-v4-shims.min.css' type='text\/css' rel='stylesheet' >\n\t\t<link id='owl-carousel-css' href='https:\/\/www.petal-health.com\/wp-content\/plugins\/unlimited-elements-for-elementor-premium\/assets_libraries\/owl-carousel-new\/assets\/owl.carousel.css' type='text\/css' rel='stylesheet' >\n\n<style>\/* widget: Logo Carousel *\/\n\n#uc_logo_carousel_elementor_fafc3d2{\n  min-height:1px;\n}\n\n#uc_logo_carousel_elementor_fafc3d2 *{\n  box-sizing:border-box;\n}\n\n#uc_logo_carousel_elementor_fafc3d2 .owl-nav .owl-prev{\n    position:absolute;\n  \n    display:inline-block;\n    text-align:center;\n}\n#uc_logo_carousel_elementor_fafc3d2 .owl-nav .owl-next{\n  position:absolute;\n\n  display:inline-block;\n  text-align:center;\n}\n\n\n#uc_logo_carousel_elementor_fafc3d2 .owl-dots {\noverflow:hidden;\ndisplay:none !important;\ntext-align:center;\n}\n\n#uc_logo_carousel_elementor_fafc3d2 .owl-dots button{\npadding: 0;\n}\n\n#uc_logo_carousel_elementor_fafc3d2 .owl-dot {\nborder-radius:50%;\ndisplay:inline-block;\n}\n\n\n#uc_logo_carousel_elementor_fafc3d2{\n\ttext-align: center;\n  position:relative;\n}\n#uc_logo_carousel_elementor_fafc3d2 .uc_logo_carousel_holder{\n    display:flex;\n    align-items: center;\n    justify-content:center;\n    flex-wrap: wrap;\n    width: 100%;\n}\n#uc_logo_carousel_elementor_fafc3d2 .uc_logo_carousel_holder a\n{height:100%;\n    width: 100%;\n  display:flex;\n  align-items: center;\n    justify-content:center;\n}\n\n#uc_logo_carousel_elementor_fafc3d2  img{\n    height:100%;\n    width: 100%;\n    object-fit: contain;\n}\n\n\n\n\n<\/style>\n\n<div class=\"uc_logo_carousel\"  style=\"direction:ltr;\">\n  <div class=\"uc_carousel owl-carousel owl-theme uc-items-wrapper\" id=\"uc_logo_carousel_elementor_fafc3d2\"   data-new-tab=\"false\">\n  \t\n<div class=\"uc_logo_carousel\">\n    \n  <div class=\"uc_logo_carousel_holder ue-item\">\n    <a href=\"#\" >\n      <img data-src=\"https:\/\/www.petal-health.com\/wp-content\/uploads\/2025\/10\/Banner_slider_01.svg\" class=\"owl-lazy\" alt=\"Banni\u00e8re_slider_01\" width=\"252\" height=\"100\">\n    <\/a>\n  <\/div>\n\t\n    \n<\/div>\n\n<div class=\"uc_logo_carousel\">\n    \n  <div class=\"uc_logo_carousel_holder ue-item\">\n    <a href=\"#\" >\n      <img data-src=\"https:\/\/www.petal-health.com\/wp-content\/uploads\/2025\/10\/Banner_slider_02.svg\" class=\"owl-lazy\" alt=\"Banni\u00e8re_slider_02\" width=\"157\" height=\"100\">\n    <\/a>\n  <\/div>\n\t\n    \n<\/div>\n\n<div class=\"uc_logo_carousel\">\n    \n  <div class=\"uc_logo_carousel_holder ue-item\">\n    <a href=\"#\" >\n      <img data-src=\"https:\/\/www.petal-health.com\/wp-content\/uploads\/2025\/10\/Banner_slider_03.svg\" class=\"owl-lazy\" alt=\"Banni\u00e8re_slider_03\" width=\"345\" height=\"100\">\n    <\/a>\n  <\/div>\n\t\n    \n<\/div>\n\n<div class=\"uc_logo_carousel\">\n    \n  <div class=\"uc_logo_carousel_holder ue-item\">\n    <a href=\"#\" >\n      <img loading=\"lazy\" data-src=\"https:\/\/www.petal-health.com\/wp-content\/uploads\/2025\/10\/Banner_slider_04.svg\" class=\"owl-lazy\" alt=\"Banni\u00e8re_slider_04\" width=\"261\" height=\"100\">\n    <\/a>\n  <\/div>\n\t\n    \n<\/div>\n\n<div class=\"uc_logo_carousel\">\n    \n  <div class=\"uc_logo_carousel_holder ue-item\">\n    <a href=\"#\" >\n      <img loading=\"lazy\" data-src=\"https:\/\/www.petal-health.com\/wp-content\/uploads\/2025\/10\/Banner_slider_05.svg\" class=\"owl-lazy\" alt=\"Banni\u00e8re_slider_05\" width=\"99\" height=\"135\">\n    <\/a>\n  <\/div>\n\t\n    \n<\/div>\n\n<div class=\"uc_logo_carousel\">\n    \n  <div class=\"uc_logo_carousel_holder ue-item\">\n    <a href=\"#\" >\n      <img loading=\"lazy\" data-src=\"https:\/\/www.petal-health.com\/wp-content\/uploads\/2025\/10\/Banner_slider_06.svg\" class=\"owl-lazy\" alt=\"Banni\u00e8re_slider_06\" width=\"165\" height=\"135\">\n    <\/a>\n  <\/div>\n\t\n    \n<\/div>\n\n  <\/div>\t\n<\/div>\n<!-- end Logo Carousel -->\t\t\t\t<\/div>\n\t\t\t\t<\/div>\n\t\t\t\t\t<\/div>\n\t\t\t\t<\/div>\n\t\t\t\t<\/div>","protected":false},"excerpt":{"rendered":"<p>Partnerships &amp; Alliances Working hand-in-hand to strengthen healthcare networks. Together, we support care teams, enhance patient outcomes, and bring forward innovative solutions to shape a stronger Canadian healthcare system. Petal technology has supported 10M+ patients at 3,000+ healthcare facilities<\/p>","protected":false},"author":8,"featured_media":0,"parent":0,"menu_order":0,"comment_status":"closed","ping_status":"closed","template":"","meta":{"inline_featured_image":false,"footnotes":""},"class_list":["post-1292","page","type-page","status-publish","hentry"],"yoast_head":"<!-- This site is optimized with the Yoast SEO Premium plugin v27.5 (Yoast SEO v27.5) - https:\/\/yoast.com\/product\/yoast-seo-premium-wordpress\/ -->\n<title>Contact Partnerships &amp; Alliances - Petal<\/title>\n<meta name=\"robots\" content=\"index, follow, max-snippet:-1, max-image-preview:large, max-video-preview:-1\" \/>\n<link rel=\"canonical\" href=\"https:\/\/www.petal-health.com\/fr\/partenariats\/\" \/>\n<meta property=\"og:locale\" content=\"fr_CA\" \/>\n<meta property=\"og:type\" content=\"article\" \/>\n<meta property=\"og:title\" content=\"Contact Partnerships &amp; Alliances\" \/>\n<meta property=\"og:description\" content=\"Partnerships &amp; Alliances Working hand-in-hand to strengthen healthcare networks. Together, we support care teams, enhance patient outcomes, and bring forward innovative solutions to shape a stronger Canadian healthcare system. Petal technology has supported 10M+ patients at 3,000+ healthcare facilities\" \/>\n<meta property=\"og:url\" content=\"https:\/\/www.petal-health.com\/fr\/partenariats\/\" \/>\n<meta property=\"og:site_name\" content=\"Petal\" \/>\n<meta property=\"article:publisher\" content=\"https:\/\/www.facebook.com\/petalhealth\/\" \/>\n<meta property=\"article:modified_time\" content=\"2026-01-23T18:48:49+00:00\" \/>\n<meta property=\"og:image\" content=\"https:\/\/www.petal-health.com\/wp-content\/uploads\/2025\/10\/Banner_slider_01.svg\" \/>\n<meta name=\"twitter:card\" content=\"summary_large_image\" \/>\n<meta name=\"twitter:site\" content=\"@petalhealth\" \/>\n<meta name=\"twitter:label1\" content=\"Est. reading time\" \/>\n\t<meta name=\"twitter:data1\" content=\"4 minutes\" \/>\n<script type=\"application\/ld+json\" class=\"yoast-schema-graph\">{\"@context\":\"https:\\\/\\\/schema.org\",\"@graph\":[{\"@type\":\"WebPage\",\"@id\":\"https:\\\/\\\/www.petal-health.com\\\/partnerships\\\/\",\"url\":\"https:\\\/\\\/www.petal-health.com\\\/partnerships\\\/\",\"name\":\"Contact Partnerships & Alliances - Petal\",\"isPartOf\":{\"@id\":\"https:\\\/\\\/www.petal-health.com\\\/fr\\\/#website\"},\"primaryImageOfPage\":{\"@id\":\"https:\\\/\\\/www.petal-health.com\\\/partnerships\\\/#primaryimage\"},\"image\":{\"@id\":\"https:\\\/\\\/www.petal-health.com\\\/partnerships\\\/#primaryimage\"},\"thumbnailUrl\":\"https:\\\/\\\/www.petal-health.com\\\/wp-content\\\/uploads\\\/2025\\\/10\\\/Banner_slider_01.svg\",\"datePublished\":\"2026-01-23T16:36:36+00:00\",\"dateModified\":\"2026-01-23T18:48:49+00:00\",\"breadcrumb\":{\"@id\":\"https:\\\/\\\/www.petal-health.com\\\/partnerships\\\/#breadcrumb\"},\"inLanguage\":\"fr-CA\",\"potentialAction\":[{\"@type\":\"ReadAction\",\"target\":[\"https:\\\/\\\/www.petal-health.com\\\/partnerships\\\/\"]}]},{\"@type\":\"ImageObject\",\"inLanguage\":\"fr-CA\",\"@id\":\"https:\\\/\\\/www.petal-health.com\\\/partnerships\\\/#primaryimage\",\"url\":\"https:\\\/\\\/www.petal-health.com\\\/wp-content\\\/uploads\\\/2025\\\/10\\\/Banner_slider_01.svg\",\"contentUrl\":\"https:\\\/\\\/www.petal-health.com\\\/wp-content\\\/uploads\\\/2025\\\/10\\\/Banner_slider_01.svg\"},{\"@type\":\"BreadcrumbList\",\"@id\":\"https:\\\/\\\/www.petal-health.com\\\/partnerships\\\/#breadcrumb\",\"itemListElement\":[{\"@type\":\"ListItem\",\"position\":1,\"name\":\"Home\",\"item\":\"https:\\\/\\\/www.petal-health.com\\\/en\\\/\"},{\"@type\":\"ListItem\",\"position\":2,\"name\":\"Contact Partnerships &#038; Alliances\"}]},{\"@type\":\"WebSite\",\"@id\":\"https:\\\/\\\/www.petal-health.com\\\/fr\\\/#website\",\"url\":\"https:\\\/\\\/www.petal-health.com\\\/fr\\\/\",\"name\":\"Petal\",\"description\":\"Improving Healthcare Real-Time\",\"publisher\":{\"@id\":\"https:\\\/\\\/www.petal-health.com\\\/fr\\\/#organization\"},\"alternateName\":\"Petal\",\"potentialAction\":[{\"@type\":\"SearchAction\",\"target\":{\"@type\":\"EntryPoint\",\"urlTemplate\":\"https:\\\/\\\/www.petal-health.com\\\/fr\\\/?s={search_term_string}\"},\"query-input\":{\"@type\":\"PropertyValueSpecification\",\"valueRequired\":true,\"valueName\":\"search_term_string\"}}],\"inLanguage\":\"fr-CA\"},{\"@type\":\"Organization\",\"@id\":\"https:\\\/\\\/www.petal-health.com\\\/fr\\\/#organization\",\"name\":\"Petal Health\",\"url\":\"https:\\\/\\\/www.petal-health.com\\\/fr\\\/\",\"logo\":{\"@type\":\"ImageObject\",\"inLanguage\":\"fr-CA\",\"@id\":\"https:\\\/\\\/www.petal-health.com\\\/fr\\\/#\\\/schema\\\/logo\\\/image\\\/\",\"url\":\"https:\\\/\\\/www.petal-health.com\\\/wp-content\\\/uploads\\\/2025\\\/12\\\/Petal_Logo_signin.png\",\"contentUrl\":\"https:\\\/\\\/www.petal-health.com\\\/wp-content\\\/uploads\\\/2025\\\/12\\\/Petal_Logo_signin.png\",\"width\":1442,\"height\":742,\"caption\":\"Petal Health\"},\"image\":{\"@id\":\"https:\\\/\\\/www.petal-health.com\\\/fr\\\/#\\\/schema\\\/logo\\\/image\\\/\"},\"sameAs\":[\"https:\\\/\\\/www.facebook.com\\\/petalhealth\\\/\",\"https:\\\/\\\/x.com\\\/petalhealth\",\"https:\\\/\\\/www.linkedin.com\\\/company\\\/petalhealth\\\/\",\"https:\\\/\\\/www.youtube.com\\\/channel\\\/UC7qI1eOzi8yd6U3GBKo8JMQ\"]}]}<\/script>\n<!-- \/ Yoast SEO Premium plugin. -->","yoast_head_json":{"title":"Contact Partnerships & Alliances - Petal","robots":{"index":"index","follow":"follow","max-snippet":"max-snippet:-1","max-image-preview":"max-image-preview:large","max-video-preview":"max-video-preview:-1"},"canonical":"https:\/\/www.petal-health.com\/fr\/partenariats\/","og_locale":"fr_CA","og_type":"article","og_title":"Contact Partnerships & Alliances","og_description":"Partnerships &amp; Alliances Working hand-in-hand to strengthen healthcare networks. Together, we support care teams, enhance patient outcomes, and bring forward innovative solutions to shape a stronger Canadian healthcare system. Petal technology has supported 10M+ patients at 3,000+ healthcare facilities","og_url":"https:\/\/www.petal-health.com\/fr\/partenariats\/","og_site_name":"Petal","article_publisher":"https:\/\/www.facebook.com\/petalhealth\/","article_modified_time":"2026-01-23T18:48:49+00:00","og_image":[{"url":"https:\/\/www.petal-health.com\/wp-content\/uploads\/2025\/10\/Banner_slider_01.svg","type":"","width":"","height":""}],"twitter_card":"summary_large_image","twitter_site":"@petalhealth","twitter_misc":{"Est. reading time":"4 minutes"},"schema":{"@context":"https:\/\/schema.org","@graph":[{"@type":"WebPage","@id":"https:\/\/www.petal-health.com\/partnerships\/","url":"https:\/\/www.petal-health.com\/partnerships\/","name":"Contact Partnerships & Alliances - Petal","isPartOf":{"@id":"https:\/\/www.petal-health.com\/fr\/#website"},"primaryImageOfPage":{"@id":"https:\/\/www.petal-health.com\/partnerships\/#primaryimage"},"image":{"@id":"https:\/\/www.petal-health.com\/partnerships\/#primaryimage"},"thumbnailUrl":"https:\/\/www.petal-health.com\/wp-content\/uploads\/2025\/10\/Banner_slider_01.svg","datePublished":"2026-01-23T16:36:36+00:00","dateModified":"2026-01-23T18:48:49+00:00","breadcrumb":{"@id":"https:\/\/www.petal-health.com\/partnerships\/#breadcrumb"},"inLanguage":"fr-CA","potentialAction":[{"@type":"ReadAction","target":["https:\/\/www.petal-health.com\/partnerships\/"]}]},{"@type":"ImageObject","inLanguage":"fr-CA","@id":"https:\/\/www.petal-health.com\/partnerships\/#primaryimage","url":"https:\/\/www.petal-health.com\/wp-content\/uploads\/2025\/10\/Banner_slider_01.svg","contentUrl":"https:\/\/www.petal-health.com\/wp-content\/uploads\/2025\/10\/Banner_slider_01.svg"},{"@type":"BreadcrumbList","@id":"https:\/\/www.petal-health.com\/partnerships\/#breadcrumb","itemListElement":[{"@type":"ListItem","position":1,"name":"Home","item":"https:\/\/www.petal-health.com\/en\/"},{"@type":"ListItem","position":2,"name":"Contact Partnerships &#038; Alliances"}]},{"@type":"WebSite","@id":"https:\/\/www.petal-health.com\/fr\/#website","url":"https:\/\/www.petal-health.com\/fr\/","name":"Petal","description":"Improving Healthcare Real-Time","publisher":{"@id":"https:\/\/www.petal-health.com\/fr\/#organization"},"alternateName":"Petal","potentialAction":[{"@type":"SearchAction","target":{"@type":"EntryPoint","urlTemplate":"https:\/\/www.petal-health.com\/fr\/?s={search_term_string}"},"query-input":{"@type":"PropertyValueSpecification","valueRequired":true,"valueName":"search_term_string"}}],"inLanguage":"fr-CA"},{"@type":"Organization","@id":"https:\/\/www.petal-health.com\/fr\/#organization","name":"Petal Health","url":"https:\/\/www.petal-health.com\/fr\/","logo":{"@type":"ImageObject","inLanguage":"fr-CA","@id":"https:\/\/www.petal-health.com\/fr\/#\/schema\/logo\/image\/","url":"https:\/\/www.petal-health.com\/wp-content\/uploads\/2025\/12\/Petal_Logo_signin.png","contentUrl":"https:\/\/www.petal-health.com\/wp-content\/uploads\/2025\/12\/Petal_Logo_signin.png","width":1442,"height":742,"caption":"Petal Health"},"image":{"@id":"https:\/\/www.petal-health.com\/fr\/#\/schema\/logo\/image\/"},"sameAs":["https:\/\/www.facebook.com\/petalhealth\/","https:\/\/x.com\/petalhealth","https:\/\/www.linkedin.com\/company\/petalhealth\/","https:\/\/www.youtube.com\/channel\/UC7qI1eOzi8yd6U3GBKo8JMQ"]}]}},"featured_image_src":null,"featured_image_src_square":null,"_links":{"self":[{"href":"https:\/\/www.petal-health.com\/fr\/wp-json\/wp\/v2\/pages\/1292","targetHints":{"allow":["GET"]}}],"collection":[{"href":"https:\/\/www.petal-health.com\/fr\/wp-json\/wp\/v2\/pages"}],"about":[{"href":"https:\/\/www.petal-health.com\/fr\/wp-json\/wp\/v2\/types\/page"}],"author":[{"embeddable":true,"href":"https:\/\/www.petal-health.com\/fr\/wp-json\/wp\/v2\/users\/8"}],"replies":[{"embeddable":true,"href":"https:\/\/www.petal-health.com\/fr\/wp-json\/wp\/v2\/comments?post=1292"}],"version-history":[{"count":0,"href":"https:\/\/www.petal-health.com\/fr\/wp-json\/wp\/v2\/pages\/1292\/revisions"}],"wp:attachment":[{"href":"https:\/\/www.petal-health.com\/fr\/wp-json\/wp\/v2\/media?parent=1292"}],"curies":[{"name":"wp","href":"https:\/\/api.w.org\/{rel}","templated":true}]}}