{"id":328,"date":"2025-10-10T14:37:34","date_gmt":"2025-10-10T14:37:34","guid":{"rendered":"https:\/\/petalhealth.wpenginepowered.com\/?page_id=328"},"modified":"2026-01-27T15:58:09","modified_gmt":"2026-01-27T15:58:09","slug":"blog","status":"publish","type":"page","link":"https:\/\/www.petal-health.com\/fr\/blog\/","title":{"rendered":"Blogue"},"content":{"rendered":"\t\t<div data-elementor-type=\"wp-page\" data-elementor-id=\"328\" class=\"elementor elementor-328\" data-elementor-post-type=\"page\">\n\t\t\t\t<div class=\"elementor-element elementor-element-3d61a4f e-flex e-con-boxed e-con e-parent\" data-id=\"3d61a4f\" data-element_type=\"container\" data-e-type=\"container\">\n\t\t\t\t\t<div class=\"e-con-inner\">\n\t\t<div class=\"elementor-element elementor-element-d56f5e6 e-con-full e-flex e-con e-child\" data-id=\"d56f5e6\" data-element_type=\"container\" data-e-type=\"container\">\n\t\t\t\t<div class=\"elementor-element elementor-element-5f07562 elementor-widget elementor-widget-text-editor\" data-id=\"5f07562\" data-element_type=\"widget\" data-e-type=\"widget\" data-widget_type=\"text-editor.default\">\n\t\t\t\t\t\t\t\t\t<p>Blogs<\/p>\t\t\t\t\t\t\t\t<\/div>\n\t\t\t\t<div class=\"elementor-element elementor-element-cd3d600 elementor-widget__width-initial elementor-widget-tablet__width-inherit elementor-widget elementor-widget-heading\" data-id=\"cd3d600\" data-element_type=\"widget\" data-e-type=\"widget\" data-widget_type=\"heading.default\">\n\t\t\t\t\t<h1 class=\"elementor-heading-title elementor-size-default\">Explore healthcare insights and analysis<\/h1>\t\t\t\t<\/div>\n\t\t\t\t<\/div>\n\t\t<div class=\"elementor-element elementor-element-683fe26 e-con-full e-flex e-con e-child\" data-id=\"683fe26\" data-element_type=\"container\" data-e-type=\"container\">\n\t\t<div class=\"elementor-element elementor-element-01616a0 e-con-full e-flex e-con e-child\" data-id=\"01616a0\" data-element_type=\"container\" data-e-type=\"container\">\n\t\t<div class=\"elementor-element elementor-element-c2d6108 e-con-full e-flex e-con e-child\" data-id=\"c2d6108\" data-element_type=\"container\" data-e-type=\"container\">\n\t\t\t\t<div class=\"elementor-element elementor-element-c23e9b2 elementor-widget elementor-widget-ucaddon_posts_search_filter\" data-id=\"c23e9b2\" data-element_type=\"widget\" data-e-type=\"widget\" data-widget_type=\"ucaddon_posts_search_filter.default\">\n\t\t\t\t<div class=\"elementor-widget-container\">\n\t\t\t\t\t\n<!-- start Search Filter -->\n\t\t<link id='font-awesome-css' href='https:\/\/www.petal-health.com\/wp-content\/plugins\/unlimited-elements-for-elementor-premium\/assets_libraries\/font-awesome6\/fontawesome-all.min.css' type='text\/css' rel='stylesheet' >\n\t\t<link id='font-awesome-4-shim-css' href='https:\/\/www.petal-health.com\/wp-content\/plugins\/unlimited-elements-for-elementor-premium\/assets_libraries\/font-awesome6\/fontawesome-v4-shims.min.css' type='text\/css' rel='stylesheet' >\n\n<style>\/* widget: Search Filter *\/\n\n#uc_posts_search_filter_elementor_c23e9b2-wrapper\n{\n  display:flex;\n}\n\n#uc_posts_search_filter_elementor_c23e9b2\n{\n  width:100%;\n}\n#uc_posts_search_filter_elementor_c23e9b2 .uc-search-filter__input\n{\n  width:100%;\n  flex-grow:1;\n}\n\n#uc_posts_search_filter_elementor_c23e9b2 .uc-search-filter-btn\n{\n  display:flex;\n  align-items:center;\n  flex-grow:0;\n  flex-shrink:0;\n}\n\n#uc_posts_search_filter_elementor_c23e9b2 .uc-search-filter-input-wrapper\n{\n  position: relative;\n  display:flex;\n  align-items:center;\n}\n\n\n#uc_posts_search_filter_elementor_c23e9b2 .uc-search-filter-btn .ue-btn-icon\n{\n  line-height:1em;\n}\n\n\n\n#uc_posts_search_filter_elementor_c23e9b2 .uc-search-filter-btn .ue-btn-icon svg\n{\n  height:1em;\n  width:1em;\n}\n\n#uc_posts_search_filter_elementor_c23e9b2 ::-webkit-input-placeholder { \/* Edge *\/\n  color: #000000 !important;\n}\n\n#uc_posts_search_filter_elementor_c23e9b2 :-ms-input-placeholder { \/* Internet Explorer 10-11 *\/\n  color: #000000 !important;\n}\n\n#uc_posts_search_filter_elementor_c23e9b2 ::placeholder {\n  color: #000000 !important;\n}\n\n#uc_posts_search_filter_elementor_c23e9b2 .uc-search-filter-indicator{\n\tposition: absolute;\n  \ttop: 50%;\n    transform: translate(0, -50%);\n    height: 100%;\n  \tdisplay: flex;\n    align-items: center;\n    justify-content: center;\n}\n\n<\/style>\n\n\n<div class=\"uc-search-filter-wrapper\" id=\"uc_posts_search_filter_elementor_c23e9b2-wrapper\" >\n  <div id=\"uc_posts_search_filter_elementor_c23e9b2\" class=\"uc-search-filter uc-grid-filter\" data-filtertype=\"search\"  > \n\n      \n      <div class=\"uc-search-filter-input-wrapper\">\n\t\t\n        <input type=\"text\" class=\"uc-search-filter__input\" placeholder=\"Search...\" value=\"\">\n\n        \n                      <div class=\"uc-search-filter-indicator\"><i class='fas fa-search'><\/i><\/div>\n          \n\n      <\/div>\n\n  <\/div>\n<\/div>\n<!-- end Search Filter -->\t\t\t\t<\/div>\n\t\t\t\t<\/div>\n\t\t\t\t<\/div>\n\t\t\t\t<div class=\"elementor-element elementor-element-074d8a4 elementor-widget elementor-widget-ucaddon_post_grid\" data-id=\"074d8a4\" data-element_type=\"widget\" data-e-type=\"widget\" data-widget_type=\"ucaddon_post_grid.default\">\n\t\t\t\t<div class=\"elementor-widget-container\">\n\t\t\t\t\t<style>.elementor-element-074d8a4{display:none !important}<\/style>\t\t\t\t<\/div>\n\t\t\t\t<\/div>\n\t\t\t\t<div class=\"elementor-element elementor-element-b9fa927 elementor-widget elementor-widget-ucaddon_post_grid\" data-id=\"b9fa927\" data-element_type=\"widget\" data-e-type=\"widget\" data-widget_type=\"ucaddon_post_grid.default\">\n\t\t\t\t<div class=\"elementor-widget-container\">\n\t\t\t\t\t\n<!-- start Post Grid -->\n\n<style>\/* widget: Post Grid *\/\n\n\n\n#uc_post_grid_elementor_b9fa927{\n  min-height: 1px;\n}\n\n#uc_post_grid_elementor_b9fa927.uc_post_grid_style_one .uc_post_grid_style_one_wrap {\n   display:grid;\n}\n\n\n#uc_post_grid_elementor_b9fa927 .uc_post_grid_style_one_item{\n  position:relative;\n}\n\n#uc_post_grid_elementor_b9fa927 .uc_post_image{\n  transition:0.3s;\n  position:relative;\n  overflow:hidden;\n}\n\n#uc_post_grid_elementor_b9fa927 .uc_post_image img{\n  width:100%;\n  display:block;\n  transition:0.3s;\n}\n\n\t#uc_post_grid_elementor_b9fa927 .ue-item:hover .uc_post_image img    {\n      transform:scale(1.1,1.1);\n    }\n\t\n\n#uc_post_grid_elementor_b9fa927 .uc_post_image_overlay{\n  position:absolute;\n  top:0px;\n  left:0px;\n  height:100%;\n  width:100%;\n  transition:0.3s;\n}\n\n#uc_post_grid_elementor_b9fa927 .uc_more_btn-custom-field{\n  display:inline-block;\n  text-align:center;\n  text-decoration:none;\n  transition:0.3s;\n}\n\n#uc_post_grid_elementor_b9fa927 .uc_more_btn{\n  display:inline-block;\n  text-align:center;\n  text-decoration:none;\n  transition:0.3s;\n}\n\n.ue-grid-item-category a{\n  display:inline-block;\n  font-size:10px;\n  position: relative;\n  z-index: 1;\n}\n\n#uc_post_grid_elementor_b9fa927 .ue-grid-item-posttype{\n  display:inline-block;\n  position: relative;\n  z-index: 1;\n}\n\n\n.uc_post_title{\n  font-size:21px;\n}\n\n\n#uc_post_grid_elementor_b9fa927.uc_post_grid_style_one.ue-list-view .uc_content{\n flex-grow:1;\n}\n\n\n  #uc_post_grid_elementor_b9fa927:not(.ue-list-view) .ue_post_grid_item{\n    display:flex;\n    flex-direction:column;\n  }\n  \n  #uc_post_grid_elementor_b9fa927.uc_post_grid_style_one:not(.ue-list-view) .uc_content{\n   flex-grow:1;\n  }\n\n  #uc_post_grid_elementor_b9fa927.uc_post_grid_style_one .uc_content > div{\n    height:100%;\n    display:flex;\n    flex-direction:column;\n    justify-content: space-between;  }\n\n    #uc_post_grid_elementor_b9fa927 .uc_post_button   {\n     margin-top:auto;\n   }\n  \n\n\n\n\n\n\n\n\n\n\n\n\n\/*  for grid\/list layout switcher*\/\n\t#uc_post_grid_elementor_b9fa927.ue-list-view .uc_post_grid_style_one_item {\n     display:flex;  \n     flex-direction:row;\n    }\n    #uc_post_grid_elementor_b9fa927.ue-list-view .uc_post_grid_style_one_item > div{\n     width:50%;\n    }\n   \n    #uc_post_grid_elementor_b9fa927.ue-list-view .uc_content    {\n      display:flex;\n      flex-direction:column;\n      justify-content:center;\n    }\n \n\/*  for grid\/list layout switcher*\/\n\n#uc_post_grid_elementor_b9fa927 .ue-meta-data{  \n  display:flex !important;\n  flex-wrap: wrap;\n  line-height:1em;\n}\n\n#uc_post_grid_elementor_b9fa927 .ue-grid-item-meta-data{\n  display:inline-flex;\n  align-items:center;\n}\n\n#uc_post_grid_elementor_b9fa927 .ue-grid-item-meta-data a{\n  color:inherit;\n}\n\n.ue-grid-item-meta-data{\n  font-size:12px;\n}\n\n#uc_post_grid_elementor_b9fa927 .ue-grid-item-meta-data-icon{\n  line-height:1em;\n}\n\n#uc_post_grid_elementor_b9fa927 .ue-grid-item-meta-data-icon svg{\n  width:1em;\n  height:1em;\n}\n\n#uc_post_grid_elementor_b9fa927 .ue-debug-meta{\n  padding:10px;\n  border:1px solid red;\n  position:relative;\n  line-height:1.5em;\n  font-size:11px;\n  width:100%;\n}\n\n#uc_post_grid_elementor_b9fa927 .uc_btn_inner{\n  display:inline-flex;\n  align-items:center;\n  pointer-events:none;\n}\n\n#uc_post_grid_elementor_b9fa927 .uc_btn_inner svg{\n  width:1em;\n  height:1em;\n}\n#uc_post_grid_elementor_b9fa927 .ue_p_title{\n  pointer-events:none;\n}\n\n\n#uc_post_grid_elementor_b9fa927 .uc_content_inner{\n  width: 100%;\n}\n\n\n#uc_post_grid_elementor_b9fa927 .view-switcher-button{\n  display: flex;\n  align-items: center;\n}\n\n#uc_post_grid_elementor_b9fa927 .view-switcher-icon{\n  display: flex;\n  align-items: center;\n  line-height: 1;\n  cursor: pointer;\n  transition: all .3s ease;\n}\n\n#uc_post_grid_elementor_b9fa927 .view-switcher-icon svg{\n  height:1em;\n  width:1em;\n}\n\n#uc_post_grid_elementor_b9fa927 .view-switcher-icon.ue-hidden{\n  display: none;\n}\n\n\n#uc_post_grid_elementor_b9fa927_item1 [href=\"javascript:void(0)\"]{\n  cursor: unset;\n}\n\n\n<\/style>\n\n<div class=\"uc_post_grid_style_one uc-filterable-grid uc-remote-parent \" id=\"uc_post_grid_elementor_b9fa927\"  data-ajax='true'  data-filterbehave='ajax'  querydata='{&quot;count_posts&quot;:1,&quot;total_posts&quot;:1,&quot;page&quot;:1,&quot;num_pages&quot;:1}'  data-remoteid='auto' data-widgetname='Post Grid'>\n  \t\n  <div class=\"uc_post_grid_style_one_wrap ue_post_grid uc-items-wrapper ue-woo-grid\">\n\t\t\t\n\n\n\n\n<div id=\"uc_post_grid_elementor_b9fa927_item1\" class=\"uc_post_grid_style_one_item ue_post_grid_item ue-item \">\n  \n      <a class=\"uc_post_grid_style_one_image \" href='https:\/\/www.petal-health.com\/fr\/blog\/access-to-care\/how-disconnected-care-costs-canadas-health-systems-2\/' target=\"_self\">\n     <div class=\"uc_post_image\">\n       <img decoding=\"async\" data-src=\"https:\/\/www.petal-health.com\/wp-content\/uploads\/2025\/11\/Blog_Post_Image_Dots-768x478.png\"  data-src=\"https:\/\/www.petal-health.com\/wp-content\/uploads\/2025\/11\/Blog_Post_Image_Dots-768x478.png\" alt=\"Blog_Post_Image_Dots\" width=\"768\" height=\"478\" src=\"data:image\/svg+xml;base64,PHN2ZyB3aWR0aD0iMSIgaGVpZ2h0PSIxIiB4bWxucz0iaHR0cDovL3d3dy53My5vcmcvMjAwMC9zdmciPjwvc3ZnPg==\" class=\"lazyload\" style=\"--smush-placeholder-width: 768px; --smush-placeholder-aspect-ratio: 768\/478;\">\n       <div class=\"uc_post_image_overlay\"><\/div>\n     <\/div>\n    <\/a>\n   \n  <div class=\"uc_content\">\n    <div class=\"uc_content_inner\">\n      <div class=\"uc_content-info-wrapper\" >\n                \n                            \n        <div class=\"uc_post_title\"><a class=\"\" href='https:\/\/www.petal-health.com\/fr\/blog\/access-to-care\/how-disconnected-care-costs-canadas-health-systems-2\/' target=\"_self\"><div class=\"ue_p_title\">Comment le manque de soins co\u00fbte cher au syst\u00e8me de sant\u00e9 canadien<\/div><\/a><\/div>\t\n                 \n          <div class=\"ue-meta-data\">\n            \n                \t    \n                \n        \n\t\n                \n                \n                \n                \n    \t\t\t\n      \n            \n  <\/div>\t\n        \t<div class=\"uc_post_text\">\u00c0 quelle vitesse et avec quelle efficacit\u00e9 les \u00e9changes de quarts...<\/div>\n     \n                   \n                         \n                                              \n      <\/div>                      \n            <div class=\"uc_post_button\">\n        \n        <a class=\"uc_more_btn \" target=\"_blank\" href='https:\/\/www.petal-health.com\/fr\/blog\/access-to-care\/how-disconnected-care-costs-canadas-health-systems-2\/'>\n          <div class=\"uc_btn_inner\">\n            <div class=\"uc_btn_txt\">Savoir plus<\/div>\n                      <\/div>\n      \t<\/a>\n        \n                \n      <\/div>                           \n \t<\/div>  <\/div>      \n        \n<\/div>\n\n\t\t<\/div>\n\t<\/div>\n\n\n\n  <div id=\"uc_post_grid_elementor_b9fa927_empty_message\" class=\"ue-no-posts-found\"  style=\"display:none\" >No posts found<\/div>\n\n\n<!-- end Post Grid -->\t\t\t\t<\/div>\n\t\t\t\t<\/div>\n\t\t\t\t<\/div>\n\t\t\t\t<\/div>\n\t\t\t\t\t<\/div>\n\t\t\t\t<\/div>\n\t\t<div class=\"elementor-element elementor-element-d505c2e fix_matters e-flex e-con-boxed e-con e-parent\" data-id=\"d505c2e\" data-element_type=\"container\" data-e-type=\"container\" data-settings=\"{&quot;background_background&quot;:&quot;classic&quot;}\">\n\t\t\t\t\t<div class=\"e-con-inner\">\n\t\t<div class=\"elementor-element elementor-element-87fd9f7 e-con-full e-flex e-con e-child\" data-id=\"87fd9f7\" data-element_type=\"container\" data-e-type=\"container\">\n\t\t<div class=\"elementor-element elementor-element-550dd40 e-con-full e-flex e-con e-child\" data-id=\"550dd40\" data-element_type=\"container\" data-e-type=\"container\">\n\t\t\t\t<div class=\"elementor-element elementor-element-efd0347 elementor-widget elementor-widget-heading\" data-id=\"efd0347\" data-element_type=\"widget\" data-e-type=\"widget\" data-widget_type=\"heading.default\">\n\t\t\t\t\t<h2 class=\"elementor-heading-title elementor-size-default\">Know where to start. Fix what matters.\n<\/h2>\t\t\t\t<\/div>\n\t\t\t\t<div class=\"elementor-element elementor-element-2fb5052 elementor-widget__width-initial elementor-widget-tablet__width-inherit elementor-widget elementor-widget-text-editor\" data-id=\"2fb5052\" data-element_type=\"widget\" data-e-type=\"widget\" data-widget_type=\"text-editor.default\">\n\t\t\t\t\t\t\t\t\t<p>Connect with our team to explore solutions that fit your care environment, your staff, and your system \u2014 exactly where you need them.<\/p>\t\t\t\t\t\t\t\t<\/div>\n\t\t\t\t<\/div>\n\t\t\t\t<div class=\"elementor-element elementor-element-2e83c5d elementor-align-left elementor-mobile-align-left elementor-widget elementor-widget-button\" data-id=\"2e83c5d\" data-element_type=\"widget\" data-e-type=\"widget\" data-widget_type=\"button.default\">\n\t\t\t\t\t\t\t\t\t\t<a class=\"elementor-button elementor-button-link elementor-size-sm\" href=\"https:\/\/www.petal-health.com\/fr\/sales\/\">\n\t\t\t\t\t\t<span class=\"elementor-button-content-wrapper\">\n\t\t\t\t\t\t\t\t\t<span class=\"elementor-button-text\">Book an expert call<\/span>\n\t\t\t\t\t<\/span>\n\t\t\t\t\t<\/a>\n\t\t\t\t\t\t\t\t<\/div>\n\t\t\t\t<\/div>\n\t\t<div class=\"elementor-element elementor-element-cbb38d9 e-con-full e-flex e-con e-child\" data-id=\"cbb38d9\" data-element_type=\"container\" data-e-type=\"container\">\n\t\t\t\t<div class=\"elementor-element elementor-element-a8d86a9 elementor-widget elementor-widget-image\" data-id=\"a8d86a9\" data-element_type=\"widget\" data-e-type=\"widget\" data-widget_type=\"image.default\">\n\t\t\t\t\t\t\t\t\t\t\t\t\t\t\t<img decoding=\"async\" width=\"525\" height=\"350\" data-src=\"https:\/\/www.petal-health.com\/wp-content\/uploads\/2025\/09\/matter_img.png\" class=\"attachment-large size-large wp-image-51 lazyload\" alt=\"\" data-srcset=\"https:\/\/www.petal-health.com\/wp-content\/uploads\/2025\/09\/matter_img.png 525w, https:\/\/www.petal-health.com\/wp-content\/uploads\/2025\/09\/matter_img-300x200.png 300w\" data-sizes=\"(max-width: 525px) 100vw, 525px\" src=\"data:image\/svg+xml;base64,PHN2ZyB3aWR0aD0iMSIgaGVpZ2h0PSIxIiB4bWxucz0iaHR0cDovL3d3dy53My5vcmcvMjAwMC9zdmciPjwvc3ZnPg==\" style=\"--smush-placeholder-width: 525px; --smush-placeholder-aspect-ratio: 525\/350;\" \/>\t\t\t\t\t\t\t\t\t\t\t\t\t\t\t<\/div>\n\t\t\t\t<\/div>\n\t\t\t\t\t<\/div>\n\t\t\t\t<\/div>\n\t\t\t\t<\/div>\n\t\t","protected":false},"excerpt":{"rendered":"<p>Read the latest topics in healthcare and healthcare technology on Petal Health&#8217;s blog to stay up to date with the rapidly shifting trends.<\/p>","protected":false},"author":4,"featured_media":0,"parent":0,"menu_order":0,"comment_status":"closed","ping_status":"closed","template":"","meta":{"inline_featured_image":false,"footnotes":""},"class_list":["post-328","page","type-page","status-publish","hentry"],"yoast_head":"<!-- This site is optimized with the Yoast SEO Premium plugin v27.3 (Yoast SEO v27.3) - https:\/\/yoast.com\/product\/yoast-seo-premium-wordpress\/ -->\n<title>Blog - Petal<\/title>\n<meta name=\"robots\" content=\"index, follow, max-snippet:-1, max-image-preview:large, max-video-preview:-1\" \/>\n<link rel=\"canonical\" href=\"https:\/\/www.petal-health.com\/fr\/blog\/\" \/>\n<meta property=\"og:locale\" content=\"fr_CA\" \/>\n<meta property=\"og:type\" content=\"article\" \/>\n<meta property=\"og:title\" content=\"Blog\" \/>\n<meta property=\"og:description\" content=\"Read the latest topics in healthcare and healthcare technology on Petal Health&#039;s blog to stay up to date with the rapidly shifting trends.\" \/>\n<meta property=\"og:url\" content=\"https:\/\/www.petal-health.com\/fr\/blog\/\" \/>\n<meta property=\"og:site_name\" content=\"Petal\" \/>\n<meta property=\"article:publisher\" content=\"https:\/\/www.facebook.com\/petalhealth\/\" \/>\n<meta property=\"article:modified_time\" content=\"2026-01-27T15:58:09+00:00\" \/>\n<meta property=\"og:image\" content=\"https:\/\/www.petal-health.com\/wp-content\/uploads\/2026\/01\/Petal_Blog_clinic-768x512.jpg\" \/>\n<meta name=\"twitter:card\" content=\"summary_large_image\" \/>\n<meta name=\"twitter:site\" content=\"@petalhealth\" \/>\n<meta name=\"twitter:label1\" content=\"Est. reading time\" \/>\n\t<meta name=\"twitter:data1\" content=\"11 minutes\" \/>\n<script type=\"application\/ld+json\" class=\"yoast-schema-graph\">{\"@context\":\"https:\\\/\\\/schema.org\",\"@graph\":[{\"@type\":\"WebPage\",\"@id\":\"https:\\\/\\\/www.petal-health.com\\\/en\\\/blog\\\/\",\"url\":\"https:\\\/\\\/www.petal-health.com\\\/en\\\/blog\\\/\",\"name\":\"Blog - Petal\",\"isPartOf\":{\"@id\":\"https:\\\/\\\/www.petal-health.com\\\/fr\\\/#website\"},\"primaryImageOfPage\":{\"@id\":\"https:\\\/\\\/www.petal-health.com\\\/en\\\/blog\\\/#primaryimage\"},\"image\":{\"@id\":\"https:\\\/\\\/www.petal-health.com\\\/en\\\/blog\\\/#primaryimage\"},\"thumbnailUrl\":\"https:\\\/\\\/www.petal-health.com\\\/wp-content\\\/uploads\\\/2026\\\/01\\\/Petal_Blog_clinic-768x512.jpg\",\"datePublished\":\"2025-10-10T14:37:34+00:00\",\"dateModified\":\"2026-01-27T15:58:09+00:00\",\"breadcrumb\":{\"@id\":\"https:\\\/\\\/www.petal-health.com\\\/en\\\/blog\\\/#breadcrumb\"},\"inLanguage\":\"fr-CA\",\"potentialAction\":[{\"@type\":\"ReadAction\",\"target\":[\"https:\\\/\\\/www.petal-health.com\\\/en\\\/blog\\\/\"]}]},{\"@type\":\"ImageObject\",\"inLanguage\":\"fr-CA\",\"@id\":\"https:\\\/\\\/www.petal-health.com\\\/en\\\/blog\\\/#primaryimage\",\"url\":\"https:\\\/\\\/www.petal-health.com\\\/wp-content\\\/uploads\\\/2026\\\/01\\\/Petal_Blog_clinic-768x512.jpg\",\"contentUrl\":\"https:\\\/\\\/www.petal-health.com\\\/wp-content\\\/uploads\\\/2026\\\/01\\\/Petal_Blog_clinic-768x512.jpg\"},{\"@type\":\"BreadcrumbList\",\"@id\":\"https:\\\/\\\/www.petal-health.com\\\/en\\\/blog\\\/#breadcrumb\",\"itemListElement\":[{\"@type\":\"ListItem\",\"position\":1,\"name\":\"Home\",\"item\":\"https:\\\/\\\/www.petal-health.com\\\/en\\\/\"},{\"@type\":\"ListItem\",\"position\":2,\"name\":\"Blog\"}]},{\"@type\":\"WebSite\",\"@id\":\"https:\\\/\\\/www.petal-health.com\\\/fr\\\/#website\",\"url\":\"https:\\\/\\\/www.petal-health.com\\\/fr\\\/\",\"name\":\"Petal\",\"description\":\"Improving Healthcare Real-Time\",\"publisher\":{\"@id\":\"https:\\\/\\\/www.petal-health.com\\\/fr\\\/#organization\"},\"alternateName\":\"Petal\",\"potentialAction\":[{\"@type\":\"SearchAction\",\"target\":{\"@type\":\"EntryPoint\",\"urlTemplate\":\"https:\\\/\\\/www.petal-health.com\\\/fr\\\/?s={search_term_string}\"},\"query-input\":{\"@type\":\"PropertyValueSpecification\",\"valueRequired\":true,\"valueName\":\"search_term_string\"}}],\"inLanguage\":\"fr-CA\"},{\"@type\":\"Organization\",\"@id\":\"https:\\\/\\\/www.petal-health.com\\\/fr\\\/#organization\",\"name\":\"Petal Health\",\"url\":\"https:\\\/\\\/www.petal-health.com\\\/fr\\\/\",\"logo\":{\"@type\":\"ImageObject\",\"inLanguage\":\"fr-CA\",\"@id\":\"https:\\\/\\\/www.petal-health.com\\\/fr\\\/#\\\/schema\\\/logo\\\/image\\\/\",\"url\":\"https:\\\/\\\/www.petal-health.com\\\/wp-content\\\/uploads\\\/2025\\\/12\\\/Petal_Logo_signin.png\",\"contentUrl\":\"https:\\\/\\\/www.petal-health.com\\\/wp-content\\\/uploads\\\/2025\\\/12\\\/Petal_Logo_signin.png\",\"width\":1442,\"height\":742,\"caption\":\"Petal Health\"},\"image\":{\"@id\":\"https:\\\/\\\/www.petal-health.com\\\/fr\\\/#\\\/schema\\\/logo\\\/image\\\/\"},\"sameAs\":[\"https:\\\/\\\/www.facebook.com\\\/petalhealth\\\/\",\"https:\\\/\\\/x.com\\\/petalhealth\",\"https:\\\/\\\/www.linkedin.com\\\/company\\\/petalhealth\\\/\",\"https:\\\/\\\/www.youtube.com\\\/channel\\\/UC7qI1eOzi8yd6U3GBKo8JMQ\"]}]}<\/script>\n<!-- \/ Yoast SEO Premium plugin. -->","yoast_head_json":{"title":"Blog - Petal","robots":{"index":"index","follow":"follow","max-snippet":"max-snippet:-1","max-image-preview":"max-image-preview:large","max-video-preview":"max-video-preview:-1"},"canonical":"https:\/\/www.petal-health.com\/fr\/blog\/","og_locale":"fr_CA","og_type":"article","og_title":"Blog","og_description":"Read the latest topics in healthcare and healthcare technology on Petal Health's blog to stay up to date with the rapidly shifting trends.","og_url":"https:\/\/www.petal-health.com\/fr\/blog\/","og_site_name":"Petal","article_publisher":"https:\/\/www.facebook.com\/petalhealth\/","article_modified_time":"2026-01-27T15:58:09+00:00","og_image":[{"url":"https:\/\/www.petal-health.com\/wp-content\/uploads\/2026\/01\/Petal_Blog_clinic-768x512.jpg","type":"","width":"","height":""}],"twitter_card":"summary_large_image","twitter_site":"@petalhealth","twitter_misc":{"Est. reading time":"11 minutes"},"schema":{"@context":"https:\/\/schema.org","@graph":[{"@type":"WebPage","@id":"https:\/\/www.petal-health.com\/en\/blog\/","url":"https:\/\/www.petal-health.com\/en\/blog\/","name":"Blog - Petal","isPartOf":{"@id":"https:\/\/www.petal-health.com\/fr\/#website"},"primaryImageOfPage":{"@id":"https:\/\/www.petal-health.com\/en\/blog\/#primaryimage"},"image":{"@id":"https:\/\/www.petal-health.com\/en\/blog\/#primaryimage"},"thumbnailUrl":"https:\/\/www.petal-health.com\/wp-content\/uploads\/2026\/01\/Petal_Blog_clinic-768x512.jpg","datePublished":"2025-10-10T14:37:34+00:00","dateModified":"2026-01-27T15:58:09+00:00","breadcrumb":{"@id":"https:\/\/www.petal-health.com\/en\/blog\/#breadcrumb"},"inLanguage":"fr-CA","potentialAction":[{"@type":"ReadAction","target":["https:\/\/www.petal-health.com\/en\/blog\/"]}]},{"@type":"ImageObject","inLanguage":"fr-CA","@id":"https:\/\/www.petal-health.com\/en\/blog\/#primaryimage","url":"https:\/\/www.petal-health.com\/wp-content\/uploads\/2026\/01\/Petal_Blog_clinic-768x512.jpg","contentUrl":"https:\/\/www.petal-health.com\/wp-content\/uploads\/2026\/01\/Petal_Blog_clinic-768x512.jpg"},{"@type":"BreadcrumbList","@id":"https:\/\/www.petal-health.com\/en\/blog\/#breadcrumb","itemListElement":[{"@type":"ListItem","position":1,"name":"Home","item":"https:\/\/www.petal-health.com\/en\/"},{"@type":"ListItem","position":2,"name":"Blog"}]},{"@type":"WebSite","@id":"https:\/\/www.petal-health.com\/fr\/#website","url":"https:\/\/www.petal-health.com\/fr\/","name":"Petal","description":"Improving Healthcare Real-Time","publisher":{"@id":"https:\/\/www.petal-health.com\/fr\/#organization"},"alternateName":"Petal","potentialAction":[{"@type":"SearchAction","target":{"@type":"EntryPoint","urlTemplate":"https:\/\/www.petal-health.com\/fr\/?s={search_term_string}"},"query-input":{"@type":"PropertyValueSpecification","valueRequired":true,"valueName":"search_term_string"}}],"inLanguage":"fr-CA"},{"@type":"Organization","@id":"https:\/\/www.petal-health.com\/fr\/#organization","name":"Petal Health","url":"https:\/\/www.petal-health.com\/fr\/","logo":{"@type":"ImageObject","inLanguage":"fr-CA","@id":"https:\/\/www.petal-health.com\/fr\/#\/schema\/logo\/image\/","url":"https:\/\/www.petal-health.com\/wp-content\/uploads\/2025\/12\/Petal_Logo_signin.png","contentUrl":"https:\/\/www.petal-health.com\/wp-content\/uploads\/2025\/12\/Petal_Logo_signin.png","width":1442,"height":742,"caption":"Petal Health"},"image":{"@id":"https:\/\/www.petal-health.com\/fr\/#\/schema\/logo\/image\/"},"sameAs":["https:\/\/www.facebook.com\/petalhealth\/","https:\/\/x.com\/petalhealth","https:\/\/www.linkedin.com\/company\/petalhealth\/","https:\/\/www.youtube.com\/channel\/UC7qI1eOzi8yd6U3GBKo8JMQ"]}]}},"featured_image_src":null,"featured_image_src_square":null,"_links":{"self":[{"href":"https:\/\/www.petal-health.com\/fr\/wp-json\/wp\/v2\/pages\/328","targetHints":{"allow":["GET"]}}],"collection":[{"href":"https:\/\/www.petal-health.com\/fr\/wp-json\/wp\/v2\/pages"}],"about":[{"href":"https:\/\/www.petal-health.com\/fr\/wp-json\/wp\/v2\/types\/page"}],"author":[{"embeddable":true,"href":"https:\/\/www.petal-health.com\/fr\/wp-json\/wp\/v2\/users\/4"}],"replies":[{"embeddable":true,"href":"https:\/\/www.petal-health.com\/fr\/wp-json\/wp\/v2\/comments?post=328"}],"version-history":[{"count":0,"href":"https:\/\/www.petal-health.com\/fr\/wp-json\/wp\/v2\/pages\/328\/revisions"}],"wp:attachment":[{"href":"https:\/\/www.petal-health.com\/fr\/wp-json\/wp\/v2\/media?parent=328"}],"curies":[{"name":"wp","href":"https:\/\/api.w.org\/{rel}","templated":true}]}}